{"id":795,"date":"2016-04-05T14:26:49","date_gmt":"2016-04-05T14:26:49","guid":{"rendered":"http:\/\/insonorisationsmg.com\/apropos-produits-insonorisation\/"},"modified":"2020-03-17T21:51:26","modified_gmt":"2020-03-17T16:51:26","slug":"about-soundproofing-products","status":"publish","type":"page","link":"https:\/\/insonorisationsmg.com\/en\/about-soundproofing-products\/","title":{"rendered":"About us"},"content":{"rendered":"<div class=\"wpb-content-wrapper\">[mk_page_section vertical_align=&#8221;center&#8221; bg_image=&#8221;wp-content\/uploads\/2019\/06\/insonorisation-mg.jpg&#8221; bg_position=&#8221;center center&#8221; bg_repeat=&#8221;no-repeat&#8221; bg_stretch=&#8221;true&#8221; video_color_mask=&#8221;#000000&#8243; min_height=&#8221;550&#8243; sidebar=&#8221;sidebar-1&#8243;][vc_column width=&#8221;1\/6&#8243;][\/vc_column][vc_column width=&#8221;2\/3&#8243;][mk_padding_divider size=&#8221;190&#8243; visibility=&#8221;visible-sm&#8221;][mk_fancy_title color=&#8221;#ffffff&#8221; size=&#8221;72&#8243; force_font_size=&#8221;true&#8221; size_tablet=&#8221;55&#8243; size_phone=&#8221;30&#8243; font_weight=&#8221;300&#8243; margin_bottom=&#8221;0&#8243; font_family=&#8221;Lato&#8221; font_type=&#8221;google&#8221; align=&#8221;center&#8221;]Enjoy the level of comfort you\u2019ve been longing for[\/mk_fancy_title][mk_padding_divider size=&#8221;60&#8243;][\/vc_column][vc_column width=&#8221;1\/6&#8243;][\/vc_column][\/mk_page_section][vc_row][vc_column][mk_padding_divider size=&#8221;150&#8243;][\/vc_column][\/vc_row][vc_row][vc_column width=&#8221;5\/6&#8243;][mk_fancy_title tag_name=&#8221;h1&#8243; color=&#8221;#2c5cb1&#8243; size=&#8221;56&#8243; force_font_size=&#8221;true&#8221; size_tablet=&#8221;40&#8243; font_weight=&#8221;300&#8243; font_family=&#8221;Poppins&#8221; font_type=&#8221;google&#8221; animation=&#8221;right-to-left&#8221;]Insonorisation M.G.<br \/>\nMuch more than just acoustic and thermal insulation[\/mk_fancy_title][\/vc_column][vc_column width=&#8221;1\/6&#8243;][\/vc_column][\/vc_row][vc_row][vc_column width=&#8221;1\/2&#8243;][vc_column_text css=&#8221;.vc_custom_1565293187252{margin-bottom: 0px !important;}&#8221;]Founded in the year 2000, Les Insonorisations M.G. today employs eight workers who genuinely care about providing you with high-quality service when it comes to acoustic and thermal insulation for your home.<\/p>\n<p>At Les Insonorisations M.G., the soundproofing and insulation work we perform for our clients is always done with utmost professionalism, rigor and attention to detail. We believe it\u2019s important for us to take the time to ascertain your needs so we can offer you the best possible solution. That\u2019s why we always perform a thorough analysis of the building, as well as the sound that needs to be controlled.<br \/>\n[\/vc_column_text][\/vc_column][vc_column width=&#8221;1\/2&#8243;][vc_column_text css=&#8221;.vc_custom_1565293200405{margin-bottom: 0px !important;}&#8221;]Besides being certified by numerous professional associations, we also make it a point to use only high-quality products that are environmentally friendly so you can enjoy your home in peace with safe, effective sound insulation. To ensure results that will leave you fully satisfied, we also take the necessary time to give you all the advice you need and present you with all the available options so you can make an informed decision.<br \/>\n[\/vc_column_text][\/vc_column][\/vc_row][vc_row][vc_column][mk_image src=&#8221;wp-content\/uploads\/2019\/06\/photo-isolation-insonorisation.jpg&#8221; image_size=&#8221;full&#8221; align=&#8221;center&#8221; margin_bottom=&#8221;30&#8243;][\/vc_column][\/vc_row][vc_row][vc_column][mk_padding_divider size=&#8221;80&#8243;][\/vc_column][\/vc_row][vc_row][vc_column][mk_fancy_title color=&#8221;#2c5cb1&#8243; size=&#8221;56&#8243; force_font_size=&#8221;true&#8221; size_tablet=&#8221;40&#8243; font_weight=&#8221;300&#8243; font_family=&#8221;Poppins&#8221; font_type=&#8221;google&#8221; align=&#8221;center&#8221; animation=&#8221;right-to-left&#8221;]Insulation vs. soundproofing[\/mk_fancy_title][\/vc_column][\/vc_row][vc_row][vc_column][vc_column_text align=&#8221;center&#8221; css=&#8221;.vc_custom_1565293237019{margin-bottom: 0px !important;}&#8221;]Soundproofing, which is also sometimes referred to as \u201csound insulation\u201d or \u201cacoustic insulation,\u201d is a process that reduces the transmission of noise from one space to another through the placement of sound absorbing materials inside a building\u2019s walls, floors or ceilings. Insulation, in a strict sense, simply impedes the transfer of air between two different environments. So you should be aware that a material isn\u2019t necessarily soundproof just because it provides insulation. That\u2019s why it\u2019s vitally important to do business with a specialist![\/vc_column_text][\/vc_column][\/vc_row][vc_row][vc_column][mk_padding_divider size=&#8221;80&#8243;][\/vc_column][\/vc_row][vc_row][vc_column width=&#8221;1\/6&#8243;][\/vc_column][vc_column width=&#8221;2\/3&#8243;][mk_fancy_title color=&#8221;#2c5cb1&#8243; size=&#8221;56&#8243; force_font_size=&#8221;true&#8221; size_tablet=&#8221;40&#8243; font_weight=&#8221;300&#8243; font_family=&#8221;Poppins&#8221; font_type=&#8221;google&#8221; align=&#8221;center&#8221; animation=&#8221;right-to-left&#8221;]The Insonorisations M.G. difference[\/mk_fancy_title][\/vc_column][vc_column width=&#8221;1\/6&#8243;][\/vc_column][\/vc_row][vc_row][vc_column][vc_column_text align=&#8221;center&#8221; css=&#8221;.vc_custom_1565293263011{margin-bottom: 0px !important;}&#8221;]When you choose to entrust your acoustic and thermal insulation projects to us, you\u2019re choosing premium-quality products and service. That\u2019s the Insonorisations M.G. difference. We\u2019re very aware of the fact that, when we work for you, we\u2019re working inside your home. That\u2019s why we\u2019re extra careful to respect the surroundings and leave them spotless once the work is completed. We\u2019re here for you at all times, to give you advice and explain every phase of the work to you. You can count on our team!<br \/>\n[\/vc_column_text][\/vc_column][\/vc_row][vc_row][vc_column][mk_padding_divider size=&#8221;80&#8243;][\/vc_column][\/vc_row][vc_row][vc_column][mk_fancy_title color=&#8221;#2c5cb1&#8243; size=&#8221;56&#8243; force_font_size=&#8221;true&#8221; size_tablet=&#8221;40&#8243; font_weight=&#8221;300&#8243; font_family=&#8221;Poppins&#8221; font_type=&#8221;google&#8221; align=&#8221;center&#8221; animation=&#8221;right-to-left&#8221;]Certified by numerous professional associations[\/mk_fancy_title][\/vc_column][\/vc_row][vc_row][vc_column width=&#8221;1\/2&#8243;][vc_column_text css=&#8221;.vc_custom_1565293300064{margin-bottom: 0px !important;}&#8221;]\n<ul>\n<li style=\"font-weight: 400;\"><span style=\"font-weight: 400;\">Certificate of Accreditation in residential construction<\/span><\/li>\n<li style=\"font-weight: 400;\"><span style=\"font-weight: 400;\">Certificate of Accreditation in building envelope training<\/span><\/li>\n<li style=\"font-weight: 400;\"><span style=\"font-weight: 400;\">Certificate of Accreditation in improving the energy-efficiency of existing dwellings<\/span><\/li>\n<li style=\"font-weight: 400;\"><span style=\"font-weight: 400;\">Certificate of Accreditation in Cellulose Insulation Soundproofing from the Igloo center of expertise<\/span><\/li>\n<li style=\"font-weight: 400;\"><span style=\"font-weight: 400;\">Certificate of Accreditation in residential construction from the Igloo center of expertise<\/span><\/li>\n<li style=\"font-weight: 400;\"><span style=\"font-weight: 400;\">Certification in polyurethane spray foam application from BUILDING PROFESSIONALS TRAINING<\/span><\/li>\n<li><\/li>\n<\/ul>\n[\/vc_column_text][\/vc_column][vc_column width=&#8221;1\/2&#8243;][vc_column_text css=&#8221;.vc_custom_1565293321989{margin-bottom: 0px !important;}&#8221;]\n<ul>\n<li style=\"font-weight: 400;\"><span style=\"font-weight: 400;\">Certification in efficient techniques for improving building envelope insulation and sealing<\/span><\/li>\n<li style=\"font-weight: 400;\"><span style=\"font-weight: 400;\">Certificate of membership in the <\/span><i><span style=\"font-weight: 400;\">Association des entrepreneurs en construction du Qu\u00e9bec<\/span><\/i><span style=\"font-weight: 400;\"> (Quebec Construction Contractors Association)<\/span><\/li>\n<li style=\"font-weight: 400;\"><span style=\"font-weight: 400;\">Certificate of membership in the F\u00e9d\u00e9ration des Associations et Corporations en Construction du Qu\u00e9bec <\/span><i><span style=\"font-weight: 400;\">(Quebec Federation of Construction Associations and Corporations)<\/span><\/i><span style=\"font-weight: 400;\"> FACCQ group insurance policy<\/span><\/li>\n<li style=\"font-weight: 400;\"><span style=\"font-weight: 400;\">Authorized CALI system installers<\/span><\/li>\n<li style=\"font-weight: 400;\"><span style=\"font-weight: 400;\">ATCQ ID number: A03-12171<\/span><\/li>\n<li style=\"font-weight: 400;\"><span style=\"font-weight: 400;\">General contractor\u2019s license: RBQ 8271-1706-08<\/span><\/li>\n<\/ul>\n[\/vc_column_text][\/vc_column][\/vc_row][vc_row][vc_column][mk_padding_divider size=&#8221;80&#8243;][\/vc_column][\/vc_row][mk_page_section bg_color=&#8221;#2c5cb1&#8243; sidebar=&#8221;sidebar-1&#8243;][vc_column][mk_padding_divider size=&#8221;60&#8243;][mk_fancy_title tag_name=&#8221;h3&#8243; color=&#8221;#ffffff&#8221; size=&#8221;42&#8243; force_font_size=&#8221;true&#8221; size_tablet=&#8221;40&#8243; font_weight=&#8221;300&#8243; font_family=&#8221;Poppins&#8221; font_type=&#8221;google&#8221; align=&#8221;center&#8221; animation=&#8221;right-to-left&#8221;]We\u2019re proud of the fact that we\u2019ve made it possible for thousands of people like you to regain their peace and quiet.<br \/>\n[\/mk_fancy_title][mk_button dimension=&#8221;flat&#8221; size=&#8221;large&#8221; url=&#8221;temoignages\/&#8221; align=&#8221;center&#8221; bg_color=&#8221;#8e2021&#8243;]SEE WHAT OUR CLIENTS ARE SAYING ABOUT US[\/mk_button][mk_padding_divider size=&#8221;60&#8243;][\/vc_column][\/mk_page_section]\n<\/div>","protected":false},"excerpt":{"rendered":"<p>[mk_page_section vertical_align=&#8221;center&#8221; bg_image=&#8221;wp-content\/uploads\/2019\/06\/insonorisation-mg.jpg&#8221; bg_position=&#8221;center center&#8221; bg_repeat=&#8221;no-repeat&#8221; bg_stretch=&#8221;true&#8221; video_color_mask=&#8221;#000000&#8243; min_height=&#8221;550&#8243; sidebar=&#8221;sidebar-1&#8243;][vc_column width=&#8221;1\/6&#8243;][\/vc_column][vc_column width=&#8221;2\/3&#8243;][mk_padding_divider size=&#8221;190&#8243; visibility=&#8221;visible-sm&#8221;][mk_fancy_title color=&#8221;#ffffff&#8221; size=&#8221;72&#8243; force_font_size=&#8221;true&#8221; size_tablet=&#8221;55&#8243; size_phone=&#8221;30&#8243; font_weight=&#8221;300&#8243; margin_bottom=&#8221;0&#8243; font_family=&#8221;Lato&#8221; font_type=&#8221;google&#8221; align=&#8221;center&#8221;]Enjoy the level of comfort you\u2019ve been longing for[\/mk_fancy_title][mk_padding_divider size=&#8221;60&#8243;][\/vc_column][vc_column width=&#8221;1\/6&#8243;][\/vc_column][\/mk_page_section][vc_row][vc_column][mk_padding_divider size=&#8221;150&#8243;][\/vc_column][\/vc_row][vc_row][vc_column width=&#8221;5\/6&#8243;][mk_fancy_title tag_name=&#8221;h1&#8243; color=&#8221;#2c5cb1&#8243; size=&#8221;56&#8243; force_font_size=&#8221;true&#8221; size_tablet=&#8221;40&#8243; font_weight=&#8221;300&#8243; font_family=&#8221;Poppins&#8221; font_type=&#8221;google&#8221; animation=&#8221;right-to-left&#8221;]Insonorisation M.G. Much more than just acoustic and thermal insulation[\/mk_fancy_title][\/vc_column][vc_column width=&#8221;1\/6&#8243;][\/vc_column][\/vc_row][vc_row][vc_column [&hellip;]<\/p>\n","protected":false},"author":1,"featured_media":0,"parent":0,"menu_order":0,"comment_status":"closed","ping_status":"closed","template":"","meta":{"footnotes":""},"class_list":["post-795","page","type-page","status-publish","hentry"],"yoast_head":"<!-- This site is optimized with the Yoast SEO plugin v27.4 - https:\/\/yoast.com\/product\/yoast-seo-wordpress\/ -->\n<title>About Les Insonorisations M.G. | Montreal and Surrounding Areas<\/title>\n<meta name=\"description\" content=\"Since 2000, Les Insonorisations M.G. has been changing clients\u2019 lives by soundproofing their residences and businesses. Discover our company and the products we use.\" \/>\n<meta name=\"robots\" content=\"index, follow, max-snippet:-1, max-image-preview:large, max-video-preview:-1\" \/>\n<link rel=\"canonical\" href=\"https:\/\/insonorisationsmg.com\/en\/about-soundproofing-products\/\" \/>\n<meta property=\"og:locale\" content=\"en_US\" \/>\n<meta property=\"og:type\" content=\"article\" \/>\n<meta property=\"og:title\" content=\"About Les Insonorisations M.G. | Montreal and Surrounding Areas\" \/>\n<meta property=\"og:description\" content=\"Since 2000, Les Insonorisations M.G. has been changing clients\u2019 lives by soundproofing their residences and businesses. Discover our company and the products we use.\" \/>\n<meta property=\"og:url\" content=\"https:\/\/insonorisationsmg.com\/en\/about-soundproofing-products\/\" \/>\n<meta property=\"og:site_name\" content=\"Les Insonorisations M.G. inc.\" \/>\n<meta property=\"article:modified_time\" content=\"2020-03-17T16:51:26+00:00\" \/>\n<meta name=\"twitter:card\" content=\"summary_large_image\" \/>\n<meta name=\"twitter:label1\" content=\"Est. reading time\" \/>\n\t<meta name=\"twitter:data1\" content=\"5 minutes\" \/>\n<script type=\"application\/ld+json\" class=\"yoast-schema-graph\">{\"@context\":\"https:\\\/\\\/schema.org\",\"@graph\":[{\"@type\":\"WebPage\",\"@id\":\"https:\\\/\\\/insonorisationsmg.com\\\/en\\\/about-soundproofing-products\\\/\",\"url\":\"https:\\\/\\\/insonorisationsmg.com\\\/en\\\/about-soundproofing-products\\\/\",\"name\":\"About Les Insonorisations M.G. | Montreal and Surrounding Areas\",\"isPartOf\":{\"@id\":\"https:\\\/\\\/insonorisationsmg.com\\\/#website\"},\"datePublished\":\"2016-04-05T14:26:49+00:00\",\"dateModified\":\"2020-03-17T16:51:26+00:00\",\"description\":\"Since 2000, Les Insonorisations M.G. has been changing clients\u2019 lives by soundproofing their residences and businesses. Discover our company and the products we use.\",\"breadcrumb\":{\"@id\":\"https:\\\/\\\/insonorisationsmg.com\\\/en\\\/about-soundproofing-products\\\/#breadcrumb\"},\"inLanguage\":\"en-CA\",\"potentialAction\":[{\"@type\":\"ReadAction\",\"target\":[\"https:\\\/\\\/insonorisationsmg.com\\\/en\\\/about-soundproofing-products\\\/\"]}]},{\"@type\":\"BreadcrumbList\",\"@id\":\"https:\\\/\\\/insonorisationsmg.com\\\/en\\\/about-soundproofing-products\\\/#breadcrumb\",\"itemListElement\":[{\"@type\":\"ListItem\",\"position\":1,\"name\":\"Home\",\"item\":\"https:\\\/\\\/insonorisationsmg.com\\\/en\\\/\"},{\"@type\":\"ListItem\",\"position\":2,\"name\":\"About us\"}]},{\"@type\":\"WebSite\",\"@id\":\"https:\\\/\\\/insonorisationsmg.com\\\/#website\",\"url\":\"https:\\\/\\\/insonorisationsmg.com\\\/\",\"name\":\"Les Insonorisations M.G. inc.\",\"description\":\"\",\"potentialAction\":[{\"@type\":\"SearchAction\",\"target\":{\"@type\":\"EntryPoint\",\"urlTemplate\":\"https:\\\/\\\/insonorisationsmg.com\\\/?s={search_term_string}\"},\"query-input\":{\"@type\":\"PropertyValueSpecification\",\"valueRequired\":true,\"valueName\":\"search_term_string\"}}],\"inLanguage\":\"en-CA\"}]}<\/script>\n<!-- \/ Yoast SEO plugin. -->","yoast_head_json":{"title":"About Les Insonorisations M.G. | Montreal and Surrounding Areas","description":"Since 2000, Les Insonorisations M.G. has been changing clients\u2019 lives by soundproofing their residences and businesses. Discover our company and the products we use.","robots":{"index":"index","follow":"follow","max-snippet":"max-snippet:-1","max-image-preview":"max-image-preview:large","max-video-preview":"max-video-preview:-1"},"canonical":"https:\/\/insonorisationsmg.com\/en\/about-soundproofing-products\/","og_locale":"en_US","og_type":"article","og_title":"About Les Insonorisations M.G. | Montreal and Surrounding Areas","og_description":"Since 2000, Les Insonorisations M.G. has been changing clients\u2019 lives by soundproofing their residences and businesses. Discover our company and the products we use.","og_url":"https:\/\/insonorisationsmg.com\/en\/about-soundproofing-products\/","og_site_name":"Les Insonorisations M.G. inc.","article_modified_time":"2020-03-17T16:51:26+00:00","twitter_card":"summary_large_image","twitter_misc":{"Est. reading time":"5 minutes"},"schema":{"@context":"https:\/\/schema.org","@graph":[{"@type":"WebPage","@id":"https:\/\/insonorisationsmg.com\/en\/about-soundproofing-products\/","url":"https:\/\/insonorisationsmg.com\/en\/about-soundproofing-products\/","name":"About Les Insonorisations M.G. | Montreal and Surrounding Areas","isPartOf":{"@id":"https:\/\/insonorisationsmg.com\/#website"},"datePublished":"2016-04-05T14:26:49+00:00","dateModified":"2020-03-17T16:51:26+00:00","description":"Since 2000, Les Insonorisations M.G. has been changing clients\u2019 lives by soundproofing their residences and businesses. Discover our company and the products we use.","breadcrumb":{"@id":"https:\/\/insonorisationsmg.com\/en\/about-soundproofing-products\/#breadcrumb"},"inLanguage":"en-CA","potentialAction":[{"@type":"ReadAction","target":["https:\/\/insonorisationsmg.com\/en\/about-soundproofing-products\/"]}]},{"@type":"BreadcrumbList","@id":"https:\/\/insonorisationsmg.com\/en\/about-soundproofing-products\/#breadcrumb","itemListElement":[{"@type":"ListItem","position":1,"name":"Home","item":"https:\/\/insonorisationsmg.com\/en\/"},{"@type":"ListItem","position":2,"name":"About us"}]},{"@type":"WebSite","@id":"https:\/\/insonorisationsmg.com\/#website","url":"https:\/\/insonorisationsmg.com\/","name":"Les Insonorisations M.G. inc.","description":"","potentialAction":[{"@type":"SearchAction","target":{"@type":"EntryPoint","urlTemplate":"https:\/\/insonorisationsmg.com\/?s={search_term_string}"},"query-input":{"@type":"PropertyValueSpecification","valueRequired":true,"valueName":"search_term_string"}}],"inLanguage":"en-CA"}]}},"_links":{"self":[{"href":"https:\/\/insonorisationsmg.com\/en\/wp-json\/wp\/v2\/pages\/795","targetHints":{"allow":["GET"]}}],"collection":[{"href":"https:\/\/insonorisationsmg.com\/en\/wp-json\/wp\/v2\/pages"}],"about":[{"href":"https:\/\/insonorisationsmg.com\/en\/wp-json\/wp\/v2\/types\/page"}],"author":[{"embeddable":true,"href":"https:\/\/insonorisationsmg.com\/en\/wp-json\/wp\/v2\/users\/1"}],"replies":[{"embeddable":true,"href":"https:\/\/insonorisationsmg.com\/en\/wp-json\/wp\/v2\/comments?post=795"}],"version-history":[{"count":5,"href":"https:\/\/insonorisationsmg.com\/en\/wp-json\/wp\/v2\/pages\/795\/revisions"}],"predecessor-version":[{"id":932,"href":"https:\/\/insonorisationsmg.com\/en\/wp-json\/wp\/v2\/pages\/795\/revisions\/932"}],"wp:attachment":[{"href":"https:\/\/insonorisationsmg.com\/en\/wp-json\/wp\/v2\/media?parent=795"}],"curies":[{"name":"wp","href":"https:\/\/api.w.org\/{rel}","templated":true}]}}